{"id":517,"date":"2018-03-10T17:54:56","date_gmt":"2018-03-10T15:54:56","guid":{"rendered":"https:\/\/www.arkitek.fi\/byggnadsarbeten\/"},"modified":"2025-07-10T10:51:32","modified_gmt":"2025-07-10T07:51:32","slug":"rakentaminen","status":"publish","type":"page","link":"https:\/\/www.arkitek.fi\/fi\/rakentaminen\/","title":{"rendered":"Rakentaminen"},"content":{"rendered":"<div class=\"wpb-content-wrapper\"><p>[vc_row][vc_column width=&#8221;1\/2&#8243;][vc_single_image image=&#8221;1082&#8243; img_size=&#8221;full&#8221; alignment=&#8221;center&#8221; css=&#8221;&#8221; image_hovers=&#8221;false&#8221;][\/vc_column][vc_column width=&#8221;1\/2&#8243;][vc_column_text css=&#8221;&#8221;]<\/p>\n<h2><strong>Rakennusty\u00f6t \u2013 Rakennamme unelmatalosi<div class=\"gap\" style=\"line-height: 10px; height: 10px;\"><\/div><\/strong><\/h2>\n<p>Unelmoitko rakentavasi uuden talon tai peruskorjaavasi jo olemassa olevan talosi? Tarjoamme kattavat rakennuspalvelut ja toteutamme rakennusprojektin kaikki vaiheet alun perustuksista loppuviimeistelyyn. Tarjoamme palvelua sek\u00e4 avaimet k\u00e4teen -periaatteella ett\u00e4 osittaisina projekteina. Toiveistasi riippumatta voit luottaa siihen, ett\u00e4 tarjoamme korkealaatuista ja henkil\u00f6kohtaista palvelua.<div class=\"gap\" style=\"line-height: 10px; height: 10px;\"><\/div><div class=\"gap\" style=\"line-height: 10px; height: 10px;\"><\/div>\n<h3><strong>Rakennamme:<\/strong><\/h3>\n<ul>\n<li>Omakotitaloja<\/li>\n<li>Vapaa-ajan asuntoja<\/li>\n<li>Paritaloja<\/li>\n<li>Rivitaloja<\/li>\n<li>Autotalleja<\/li>\n<li>Halleja<\/li>\n<li>Peruskorjauksia<div class=\"gap\" style=\"line-height: 10px; height: 10px;\"><\/div><div class=\"gap\" style=\"line-height: 10px; height: 10px;\"><\/div><\/li>\n<\/ul>\n<p>Teemme kaiken suunnittelusta rakentamiseen, mik\u00e4 pienent\u00e4\u00e4 v\u00e4\u00e4rinymm\u00e4rrysten ja aikataulujen viiv\u00e4stymisten riski\u00e4. Voit rentoutua ja nauttia matkasta kohti unelmataloasi!<div class=\"gap\" style=\"line-height: 10px; height: 10px;\"><\/div>\n<p><em>Ota yhteytt\u00e4 varataksesi ilmaisen suunnittelutapaamisen!<\/em>[\/vc_column_text][\/vc_column][\/vc_row]<\/p>\n<\/div>","protected":false},"excerpt":{"rendered":"<p>[vc_row][vc_column width=&#8221;1\/2&#8243;][vc_single_image image=&#8221;1082&#8243; img_size=&#8221;full&#8221; alignment=&#8221;center&#8221; css=&#8221;&#8221; image_hovers=&#8221;false&#8221;][\/vc_column][vc_column width=&#8221;1\/2&#8243;][vc_column_text css=&#8221;&#8221;] Rakennusty\u00f6t \u2013 Rakennamme unelmatalosi Unelmoitko rakentavasi uuden talon tai peruskorjaavasi jo olemassa olevan talosi? Tarjoamme kattavat rakennuspalvelut ja toteutamme rakennusprojektin kaikki vaiheet alun perustuksista loppuviimeistelyyn. Tarjoamme palvelua sek\u00e4 avaimet k\u00e4teen -periaatteella ett\u00e4 osittaisina projekteina. Toiveistasi riippumatta voit luottaa siihen, ett\u00e4 tarjoamme korkealaatuista ja henkil\u00f6kohtaista palvelua. Rakennamme:&hellip;<\/p>\n","protected":false},"author":1,"featured_media":0,"parent":0,"menu_order":0,"comment_status":"closed","ping_status":"closed","template":"","meta":{"footnotes":""},"class_list":["post-517","page","type-page","status-publish","hentry","description-off"],"yoast_head":"<!-- This site is optimized with the Yoast SEO plugin v25.6 - https:\/\/yoast.com\/wordpress\/plugins\/seo\/ -->\n<title>Rakentaminen - Arkitek.fi<\/title>\n<meta name=\"description\" content=\"Kommunikaatio on usein heikoin lenkki, kun jotain menee rakennusprojektissa pieleen. Me Arkitekill\u00e4 hoidamme sek\u00e4 suunnitelua ett\u00e4 rakentamista, mik\u00e4 v\u00e4hent\u00e4\u00e4 viestinn\u00e4n ep\u00e4onnistumisen riski\u00e4.\" \/>\n<meta name=\"robots\" content=\"index, follow, max-snippet:-1, max-image-preview:large, max-video-preview:-1\" \/>\n<link rel=\"canonical\" href=\"https:\/\/www.arkitek.fi\/fi\/rakentaminen\/\" \/>\n<meta property=\"og:locale\" content=\"fi_FI\" \/>\n<meta property=\"og:type\" content=\"article\" \/>\n<meta property=\"og:title\" content=\"Rakentaminen - Arkitek.fi\" \/>\n<meta property=\"og:description\" content=\"Kommunikaatio on usein heikoin lenkki, kun jotain menee rakennusprojektissa pieleen. Me Arkitekill\u00e4 hoidamme sek\u00e4 suunnitelua ett\u00e4 rakentamista, mik\u00e4 v\u00e4hent\u00e4\u00e4 viestinn\u00e4n ep\u00e4onnistumisen riski\u00e4.\" \/>\n<meta property=\"og:url\" content=\"https:\/\/www.arkitek.fi\/fi\/rakentaminen\/\" \/>\n<meta property=\"og:site_name\" content=\"Arkitek.fi\" \/>\n<meta property=\"article:publisher\" content=\"https:\/\/www.facebook.com\/arkitekoy\/\" \/>\n<meta property=\"article:modified_time\" content=\"2025-07-10T07:51:32+00:00\" \/>\n<meta name=\"twitter:card\" content=\"summary_large_image\" \/>\n<meta name=\"twitter:label1\" content=\"Arvioitu lukuaika\" \/>\n\t<meta name=\"twitter:data1\" content=\"1 minuutti\" \/>\n<script type=\"application\/ld+json\" class=\"yoast-schema-graph\">{\"@context\":\"https:\/\/schema.org\",\"@graph\":[{\"@type\":\"WebPage\",\"@id\":\"https:\/\/www.arkitek.fi\/fi\/rakentaminen\/\",\"url\":\"https:\/\/www.arkitek.fi\/fi\/rakentaminen\/\",\"name\":\"Rakentaminen - Arkitek.fi\",\"isPartOf\":{\"@id\":\"https:\/\/www.arkitek.fi\/#website\"},\"datePublished\":\"2018-03-10T15:54:56+00:00\",\"dateModified\":\"2025-07-10T07:51:32+00:00\",\"description\":\"Kommunikaatio on usein heikoin lenkki, kun jotain menee rakennusprojektissa pieleen. Me Arkitekill\u00e4 hoidamme sek\u00e4 suunnitelua ett\u00e4 rakentamista, mik\u00e4 v\u00e4hent\u00e4\u00e4 viestinn\u00e4n ep\u00e4onnistumisen riski\u00e4.\",\"breadcrumb\":{\"@id\":\"https:\/\/www.arkitek.fi\/fi\/rakentaminen\/#breadcrumb\"},\"inLanguage\":\"fi\",\"potentialAction\":[{\"@type\":\"ReadAction\",\"target\":[\"https:\/\/www.arkitek.fi\/fi\/rakentaminen\/\"]}]},{\"@type\":\"BreadcrumbList\",\"@id\":\"https:\/\/www.arkitek.fi\/fi\/rakentaminen\/#breadcrumb\",\"itemListElement\":[{\"@type\":\"ListItem\",\"position\":1,\"name\":\"Hem\",\"item\":\"https:\/\/www.arkitek.fi\/fi\/etusivu\/\"},{\"@type\":\"ListItem\",\"position\":2,\"name\":\"Rakentaminen\"}]},{\"@type\":\"WebSite\",\"@id\":\"https:\/\/www.arkitek.fi\/#website\",\"url\":\"https:\/\/www.arkitek.fi\/\",\"name\":\"Arkitek.fi\",\"description\":\"- Under uppbyggnad\",\"potentialAction\":[{\"@type\":\"SearchAction\",\"target\":{\"@type\":\"EntryPoint\",\"urlTemplate\":\"https:\/\/www.arkitek.fi\/?s={search_term_string}\"},\"query-input\":{\"@type\":\"PropertyValueSpecification\",\"valueRequired\":true,\"valueName\":\"search_term_string\"}}],\"inLanguage\":\"fi\"}]}<\/script>\n<!-- \/ Yoast SEO plugin. -->","yoast_head_json":{"title":"Rakentaminen - Arkitek.fi","description":"Kommunikaatio on usein heikoin lenkki, kun jotain menee rakennusprojektissa pieleen. Me Arkitekill\u00e4 hoidamme sek\u00e4 suunnitelua ett\u00e4 rakentamista, mik\u00e4 v\u00e4hent\u00e4\u00e4 viestinn\u00e4n ep\u00e4onnistumisen riski\u00e4.","robots":{"index":"index","follow":"follow","max-snippet":"max-snippet:-1","max-image-preview":"max-image-preview:large","max-video-preview":"max-video-preview:-1"},"canonical":"https:\/\/www.arkitek.fi\/fi\/rakentaminen\/","og_locale":"fi_FI","og_type":"article","og_title":"Rakentaminen - Arkitek.fi","og_description":"Kommunikaatio on usein heikoin lenkki, kun jotain menee rakennusprojektissa pieleen. Me Arkitekill\u00e4 hoidamme sek\u00e4 suunnitelua ett\u00e4 rakentamista, mik\u00e4 v\u00e4hent\u00e4\u00e4 viestinn\u00e4n ep\u00e4onnistumisen riski\u00e4.","og_url":"https:\/\/www.arkitek.fi\/fi\/rakentaminen\/","og_site_name":"Arkitek.fi","article_publisher":"https:\/\/www.facebook.com\/arkitekoy\/","article_modified_time":"2025-07-10T07:51:32+00:00","twitter_card":"summary_large_image","twitter_misc":{"Arvioitu lukuaika":"1 minuutti"},"schema":{"@context":"https:\/\/schema.org","@graph":[{"@type":"WebPage","@id":"https:\/\/www.arkitek.fi\/fi\/rakentaminen\/","url":"https:\/\/www.arkitek.fi\/fi\/rakentaminen\/","name":"Rakentaminen - Arkitek.fi","isPartOf":{"@id":"https:\/\/www.arkitek.fi\/#website"},"datePublished":"2018-03-10T15:54:56+00:00","dateModified":"2025-07-10T07:51:32+00:00","description":"Kommunikaatio on usein heikoin lenkki, kun jotain menee rakennusprojektissa pieleen. Me Arkitekill\u00e4 hoidamme sek\u00e4 suunnitelua ett\u00e4 rakentamista, mik\u00e4 v\u00e4hent\u00e4\u00e4 viestinn\u00e4n ep\u00e4onnistumisen riski\u00e4.","breadcrumb":{"@id":"https:\/\/www.arkitek.fi\/fi\/rakentaminen\/#breadcrumb"},"inLanguage":"fi","potentialAction":[{"@type":"ReadAction","target":["https:\/\/www.arkitek.fi\/fi\/rakentaminen\/"]}]},{"@type":"BreadcrumbList","@id":"https:\/\/www.arkitek.fi\/fi\/rakentaminen\/#breadcrumb","itemListElement":[{"@type":"ListItem","position":1,"name":"Hem","item":"https:\/\/www.arkitek.fi\/fi\/etusivu\/"},{"@type":"ListItem","position":2,"name":"Rakentaminen"}]},{"@type":"WebSite","@id":"https:\/\/www.arkitek.fi\/#website","url":"https:\/\/www.arkitek.fi\/","name":"Arkitek.fi","description":"- Under uppbyggnad","potentialAction":[{"@type":"SearchAction","target":{"@type":"EntryPoint","urlTemplate":"https:\/\/www.arkitek.fi\/?s={search_term_string}"},"query-input":{"@type":"PropertyValueSpecification","valueRequired":true,"valueName":"search_term_string"}}],"inLanguage":"fi"}]}},"_links":{"self":[{"href":"https:\/\/www.arkitek.fi\/fi\/wp-json\/wp\/v2\/pages\/517"}],"collection":[{"href":"https:\/\/www.arkitek.fi\/fi\/wp-json\/wp\/v2\/pages"}],"about":[{"href":"https:\/\/www.arkitek.fi\/fi\/wp-json\/wp\/v2\/types\/page"}],"author":[{"embeddable":true,"href":"https:\/\/www.arkitek.fi\/fi\/wp-json\/wp\/v2\/users\/1"}],"replies":[{"embeddable":true,"href":"https:\/\/www.arkitek.fi\/fi\/wp-json\/wp\/v2\/comments?post=517"}],"version-history":[{"count":10,"href":"https:\/\/www.arkitek.fi\/fi\/wp-json\/wp\/v2\/pages\/517\/revisions"}],"predecessor-version":[{"id":1200,"href":"https:\/\/www.arkitek.fi\/fi\/wp-json\/wp\/v2\/pages\/517\/revisions\/1200"}],"wp:attachment":[{"href":"https:\/\/www.arkitek.fi\/fi\/wp-json\/wp\/v2\/media?parent=517"}],"curies":[{"name":"wp","href":"https:\/\/api.w.org\/{rel}","templated":true}]}}