{"id":508,"date":"2018-03-10T17:46:06","date_gmt":"2018-03-10T15:46:06","guid":{"rendered":"https:\/\/www.arkitek.fi\/byggnadsplanering\/"},"modified":"2025-07-10T10:55:29","modified_gmt":"2025-07-10T07:55:29","slug":"rakennussuunnittelu","status":"publish","type":"page","link":"https:\/\/www.arkitek.fi\/fi\/rakennussuunnittelu\/","title":{"rendered":"Rakennussuunnittelu"},"content":{"rendered":"<div class=\"wpb-content-wrapper\"><p>[vc_row][vc_column width=&#8221;1\/2&#8243;][vc_single_image image=&#8221;1084&#8243; img_size=&#8221;full&#8221; alignment=&#8221;center&#8221; css=&#8221;&#8221; image_hovers=&#8221;false&#8221;][\/vc_column][vc_column width=&#8221;1\/2&#8243;][vc_column_text css=&#8221;&#8221;]<\/p>\n<h2><strong>Rakennussuunnittelu &#8211; Haaveesta todellisuudeksi<div class=\"gap\" style=\"line-height: 10px; height: 10px;\"><\/div><\/strong><\/h2>\n<p>Haaveiletko rakentamisesta? Huolellinen suunnittelu on pohja onnistuneelle rakennusprojektilla. Me Arkitekilla autamme sinua muuttamaan ideasi konkreettiseksi suunnitelmaksi.<div class=\"gap\" style=\"line-height: 10px; height: 10px;\"><\/div><div class=\"gap\" style=\"line-height: 10px; height: 10px;\"><\/div>\n<h3><strong>Rakennussuunnittelun palvelumme:<div class=\"gap\" style=\"line-height: 10px; height: 10px;\"><\/div><\/strong><\/h3>\n<ul>\n<li><strong>Rakennuslupapiirustukset:<\/strong> Teemme viimeistellyt rakennuslupapiirustukset, jotka t\u00e4ytt\u00e4v\u00e4t kaikki viranomaisvaatimukset.<div class=\"gap\" style=\"line-height: 10px; height: 10px;\"><\/div><\/li>\n<li><strong>Rakennuspiirustukset: <\/strong>Luomme yksityiskohtaiset rakennuspiirustukset, jotka takaavat, ett\u00e4 talosi on vakaa ja turvallinen.<div class=\"gap\" style=\"line-height: 10px; height: 10px;\"><\/div><\/li>\n<li><strong>Kustannuslaskelma:<\/strong> Autamme sinua saamaan selke\u00e4n kuvan rakennusprojektisi kustannuksista.<div class=\"gap\" style=\"line-height: 10px; height: 10px;\"><\/div><\/li>\n<li><strong>Maanrakennusty\u00f6t ja perustusten rakentaminen:<\/strong> Varmistamme, ett\u00e4 talosi perusta on vakaa ja turvallinen.<div class=\"gap\" style=\"line-height: 10px; height: 10px;\"><\/div><\/li>\n<li><strong>Rakentaminen ja viimeistely: <\/strong>Rakennamme kotisi laadukkaasti ja tarkasti.<div class=\"gap\" style=\"line-height: 10px; height: 10px;\"><\/div><\/li>\n<li><strong>Pihan ja nurmikon viimeistely:<\/strong> Teemme kauniin ja toimivan ulkopihan.<div class=\"gap\" style=\"line-height: 10px; height: 10px;\"><\/div><div class=\"gap\" style=\"line-height: 10px; height: 10px;\"><\/div><\/li>\n<\/ul>\n<p>Ohjaamme sinua koko prosessin ajan aina ensimm\u00e4isest\u00e4 tapaamisesta valmiisiin piirustuksiin ja rakennuslupaan.<div class=\"gap\" style=\"line-height: 10px; height: 10px;\"><\/div>\n<p><em>Ota yhteytt\u00e4 varataksesi ilmaisen suunnittelutapaamisen!<\/em>[\/vc_column_text][\/vc_column][\/vc_row]<\/p>\n<\/div>","protected":false},"excerpt":{"rendered":"<p>[vc_row][vc_column width=&#8221;1\/2&#8243;][vc_single_image image=&#8221;1084&#8243; img_size=&#8221;full&#8221; alignment=&#8221;center&#8221; css=&#8221;&#8221; image_hovers=&#8221;false&#8221;][\/vc_column][vc_column width=&#8221;1\/2&#8243;][vc_column_text css=&#8221;&#8221;] Rakennussuunnittelu &#8211; Haaveesta todellisuudeksi Haaveiletko rakentamisesta? Huolellinen suunnittelu on pohja onnistuneelle rakennusprojektilla. Me Arkitekilla autamme sinua muuttamaan ideasi konkreettiseksi suunnitelmaksi. Rakennussuunnittelun palvelumme: Rakennuslupapiirustukset: Teemme viimeistellyt rakennuslupapiirustukset, jotka t\u00e4ytt\u00e4v\u00e4t kaikki viranomaisvaatimukset. Rakennuspiirustukset: Luomme yksityiskohtaiset rakennuspiirustukset, jotka takaavat, ett\u00e4 talosi on vakaa ja turvallinen. Kustannuslaskelma: Autamme sinua saamaan&hellip;<\/p>\n","protected":false},"author":1,"featured_media":0,"parent":0,"menu_order":0,"comment_status":"closed","ping_status":"closed","template":"","meta":{"footnotes":""},"class_list":["post-508","page","type-page","status-publish","hentry","description-off"],"yoast_head":"<!-- This site is optimized with the Yoast SEO plugin v25.6 - https:\/\/yoast.com\/wordpress\/plugins\/seo\/ -->\n<title>Rakennussuunnittelu - Arkitek.fi<\/title>\n<meta name=\"description\" content=\"Me Arkitekill\u00e4 autamme teit\u00e4 suunnittelussa ja sopivien materiaalien valinnoissa ideoinne toteuttamiseksi. Samanaikaisesti varmistamme, ett\u00e4 suunnitelmat t\u00e4ytt\u00e4v\u00e4t lakis\u00e4\u00e4teiset vaatimukset.\" \/>\n<meta name=\"robots\" content=\"index, follow, max-snippet:-1, max-image-preview:large, max-video-preview:-1\" \/>\n<link rel=\"canonical\" href=\"https:\/\/www.arkitek.fi\/fi\/rakennussuunnittelu\/\" \/>\n<meta property=\"og:locale\" content=\"fi_FI\" \/>\n<meta property=\"og:type\" content=\"article\" \/>\n<meta property=\"og:title\" content=\"Rakennussuunnittelu - Arkitek.fi\" \/>\n<meta property=\"og:description\" content=\"Me Arkitekill\u00e4 autamme teit\u00e4 suunnittelussa ja sopivien materiaalien valinnoissa ideoinne toteuttamiseksi. Samanaikaisesti varmistamme, ett\u00e4 suunnitelmat t\u00e4ytt\u00e4v\u00e4t lakis\u00e4\u00e4teiset vaatimukset.\" \/>\n<meta property=\"og:url\" content=\"https:\/\/www.arkitek.fi\/fi\/rakennussuunnittelu\/\" \/>\n<meta property=\"og:site_name\" content=\"Arkitek.fi\" \/>\n<meta property=\"article:publisher\" content=\"https:\/\/www.facebook.com\/arkitekoy\/\" \/>\n<meta property=\"article:modified_time\" content=\"2025-07-10T07:55:29+00:00\" \/>\n<meta name=\"twitter:card\" content=\"summary_large_image\" \/>\n<meta name=\"twitter:label1\" content=\"Arvioitu lukuaika\" \/>\n\t<meta name=\"twitter:data1\" content=\"1 minuutti\" \/>\n<script type=\"application\/ld+json\" class=\"yoast-schema-graph\">{\"@context\":\"https:\/\/schema.org\",\"@graph\":[{\"@type\":\"WebPage\",\"@id\":\"https:\/\/www.arkitek.fi\/fi\/rakennussuunnittelu\/\",\"url\":\"https:\/\/www.arkitek.fi\/fi\/rakennussuunnittelu\/\",\"name\":\"Rakennussuunnittelu - Arkitek.fi\",\"isPartOf\":{\"@id\":\"https:\/\/www.arkitek.fi\/#website\"},\"datePublished\":\"2018-03-10T15:46:06+00:00\",\"dateModified\":\"2025-07-10T07:55:29+00:00\",\"description\":\"Me Arkitekill\u00e4 autamme teit\u00e4 suunnittelussa ja sopivien materiaalien valinnoissa ideoinne toteuttamiseksi. Samanaikaisesti varmistamme, ett\u00e4 suunnitelmat t\u00e4ytt\u00e4v\u00e4t lakis\u00e4\u00e4teiset vaatimukset.\",\"breadcrumb\":{\"@id\":\"https:\/\/www.arkitek.fi\/fi\/rakennussuunnittelu\/#breadcrumb\"},\"inLanguage\":\"fi\",\"potentialAction\":[{\"@type\":\"ReadAction\",\"target\":[\"https:\/\/www.arkitek.fi\/fi\/rakennussuunnittelu\/\"]}]},{\"@type\":\"BreadcrumbList\",\"@id\":\"https:\/\/www.arkitek.fi\/fi\/rakennussuunnittelu\/#breadcrumb\",\"itemListElement\":[{\"@type\":\"ListItem\",\"position\":1,\"name\":\"Hem\",\"item\":\"https:\/\/www.arkitek.fi\/fi\/etusivu\/\"},{\"@type\":\"ListItem\",\"position\":2,\"name\":\"Rakennussuunnittelu\"}]},{\"@type\":\"WebSite\",\"@id\":\"https:\/\/www.arkitek.fi\/#website\",\"url\":\"https:\/\/www.arkitek.fi\/\",\"name\":\"Arkitek.fi\",\"description\":\"- Under uppbyggnad\",\"potentialAction\":[{\"@type\":\"SearchAction\",\"target\":{\"@type\":\"EntryPoint\",\"urlTemplate\":\"https:\/\/www.arkitek.fi\/?s={search_term_string}\"},\"query-input\":{\"@type\":\"PropertyValueSpecification\",\"valueRequired\":true,\"valueName\":\"search_term_string\"}}],\"inLanguage\":\"fi\"}]}<\/script>\n<!-- \/ Yoast SEO plugin. -->","yoast_head_json":{"title":"Rakennussuunnittelu - Arkitek.fi","description":"Me Arkitekill\u00e4 autamme teit\u00e4 suunnittelussa ja sopivien materiaalien valinnoissa ideoinne toteuttamiseksi. Samanaikaisesti varmistamme, ett\u00e4 suunnitelmat t\u00e4ytt\u00e4v\u00e4t lakis\u00e4\u00e4teiset vaatimukset.","robots":{"index":"index","follow":"follow","max-snippet":"max-snippet:-1","max-image-preview":"max-image-preview:large","max-video-preview":"max-video-preview:-1"},"canonical":"https:\/\/www.arkitek.fi\/fi\/rakennussuunnittelu\/","og_locale":"fi_FI","og_type":"article","og_title":"Rakennussuunnittelu - Arkitek.fi","og_description":"Me Arkitekill\u00e4 autamme teit\u00e4 suunnittelussa ja sopivien materiaalien valinnoissa ideoinne toteuttamiseksi. Samanaikaisesti varmistamme, ett\u00e4 suunnitelmat t\u00e4ytt\u00e4v\u00e4t lakis\u00e4\u00e4teiset vaatimukset.","og_url":"https:\/\/www.arkitek.fi\/fi\/rakennussuunnittelu\/","og_site_name":"Arkitek.fi","article_publisher":"https:\/\/www.facebook.com\/arkitekoy\/","article_modified_time":"2025-07-10T07:55:29+00:00","twitter_card":"summary_large_image","twitter_misc":{"Arvioitu lukuaika":"1 minuutti"},"schema":{"@context":"https:\/\/schema.org","@graph":[{"@type":"WebPage","@id":"https:\/\/www.arkitek.fi\/fi\/rakennussuunnittelu\/","url":"https:\/\/www.arkitek.fi\/fi\/rakennussuunnittelu\/","name":"Rakennussuunnittelu - Arkitek.fi","isPartOf":{"@id":"https:\/\/www.arkitek.fi\/#website"},"datePublished":"2018-03-10T15:46:06+00:00","dateModified":"2025-07-10T07:55:29+00:00","description":"Me Arkitekill\u00e4 autamme teit\u00e4 suunnittelussa ja sopivien materiaalien valinnoissa ideoinne toteuttamiseksi. Samanaikaisesti varmistamme, ett\u00e4 suunnitelmat t\u00e4ytt\u00e4v\u00e4t lakis\u00e4\u00e4teiset vaatimukset.","breadcrumb":{"@id":"https:\/\/www.arkitek.fi\/fi\/rakennussuunnittelu\/#breadcrumb"},"inLanguage":"fi","potentialAction":[{"@type":"ReadAction","target":["https:\/\/www.arkitek.fi\/fi\/rakennussuunnittelu\/"]}]},{"@type":"BreadcrumbList","@id":"https:\/\/www.arkitek.fi\/fi\/rakennussuunnittelu\/#breadcrumb","itemListElement":[{"@type":"ListItem","position":1,"name":"Hem","item":"https:\/\/www.arkitek.fi\/fi\/etusivu\/"},{"@type":"ListItem","position":2,"name":"Rakennussuunnittelu"}]},{"@type":"WebSite","@id":"https:\/\/www.arkitek.fi\/#website","url":"https:\/\/www.arkitek.fi\/","name":"Arkitek.fi","description":"- Under uppbyggnad","potentialAction":[{"@type":"SearchAction","target":{"@type":"EntryPoint","urlTemplate":"https:\/\/www.arkitek.fi\/?s={search_term_string}"},"query-input":{"@type":"PropertyValueSpecification","valueRequired":true,"valueName":"search_term_string"}}],"inLanguage":"fi"}]}},"_links":{"self":[{"href":"https:\/\/www.arkitek.fi\/fi\/wp-json\/wp\/v2\/pages\/508"}],"collection":[{"href":"https:\/\/www.arkitek.fi\/fi\/wp-json\/wp\/v2\/pages"}],"about":[{"href":"https:\/\/www.arkitek.fi\/fi\/wp-json\/wp\/v2\/types\/page"}],"author":[{"embeddable":true,"href":"https:\/\/www.arkitek.fi\/fi\/wp-json\/wp\/v2\/users\/1"}],"replies":[{"embeddable":true,"href":"https:\/\/www.arkitek.fi\/fi\/wp-json\/wp\/v2\/comments?post=508"}],"version-history":[{"count":12,"href":"https:\/\/www.arkitek.fi\/fi\/wp-json\/wp\/v2\/pages\/508\/revisions"}],"predecessor-version":[{"id":1202,"href":"https:\/\/www.arkitek.fi\/fi\/wp-json\/wp\/v2\/pages\/508\/revisions\/1202"}],"wp:attachment":[{"href":"https:\/\/www.arkitek.fi\/fi\/wp-json\/wp\/v2\/media?parent=508"}],"curies":[{"name":"wp","href":"https:\/\/api.w.org\/{rel}","templated":true}]}}