{"id":261,"date":"2016-04-13T14:52:14","date_gmt":"2016-04-13T11:52:14","guid":{"rendered":"http:\/\/www.arkitek.fi\/fi\/?page_id=261"},"modified":"2018-01-02T16:05:31","modified_gmt":"2018-01-02T14:05:31","slug":"palvelut","status":"publish","type":"page","link":"https:\/\/www.arkitek.fi\/fi\/palvelut\/","title":{"rendered":"Palvelut"},"content":{"rendered":"<div class=\"wpb-content-wrapper\"><p>[vc_row margin_bottom=&#8221;50px&#8221; css=&#8221;.vc_custom_1458845584699{margin-bottom: 0px !important;}&#8221;][vc_column width=&#8221;1\/3&#8243;][vc_single_image image=&#8221;150&#8243; img_size=&#8221;full&#8221; alignment=&#8221;center&#8221; style=&#8221;vc_box_border&#8221;][\/vc_column][vc_column width=&#8221;2\/3&#8243;][vc_column_text]<\/p>\n<h3>Rakennussuunnittelu<\/h3>\n<p>Avain projektin onnistumiseen on huolellinen ja tarkka suunnittelu ennen projektin aloittamista\/ projektin aloitusvaiheessa. N\u00e4in taataan projektin turvallisuus ja laatu sek\u00e4 pystyt\u00e4\u00e4n laskemaan paremmin projektin kokonaiskustannukset.<\/p>\n<p>Me Arkitekill\u00e4 autamme teit\u00e4 suunnittelussa ja sopivien materiaalien valinnoissa ideoinne toteuttamiseksi. Samanaikaisesti varmistamme, ett\u00e4 suunnitelmat t\u00e4ytt\u00e4v\u00e4t lakis\u00e4\u00e4teiset vaatimukset.<\/p>\n<p>Aloitustapaamisessa teill\u00e4 on mahdollisuus kertoa ideoistanne ja toiveistanne projektissanne, jotta me voimme toteuttaa sen parhaalla mahdollisella tavalla. Asiakkaan toiveiden ja visioiden pohjalta teemme alustavan suunnitelman, joka ty\u00f6stet\u00e4\u00e4n valmiiksi piirustuksiksi sis\u00e4lt\u00e4en resurssi- ja kululaskelmat asiakkaan niin halutessa. T\u00e4m\u00e4n j\u00e4lkeen autamme tarvittavien hakemusten tekemisess\u00e4 ja projektin hallinnoimisessa, jotta se etenisi sujuvasti.[\/vc_column_text][\/vc_column][\/vc_row][vc_row margin_bottom=&#8221;50px&#8221; css=&#8221;.vc_custom_1458845686775{margin-bottom: 0px !important;}&#8221;][vc_column width=&#8221;1\/3&#8243;][vc_single_image image=&#8221;154&#8243; img_size=&#8221;full&#8221; alignment=&#8221;center&#8221; style=&#8221;vc_box_border&#8221;][\/vc_column][vc_column width=&#8221;2\/3&#8243;][vc_column_text]<\/p>\n<h3>Konsultointipalvelut ja valvonta<\/h3>\n<p>Rakennust\u00f6iss\u00e4 pit\u00e4isi olla vastaava ty\u00f6njohtaja, joka vastaa ty\u00f6n laadusta, johtaa rakennust\u00f6it\u00e4, huolehtii s\u00e4\u00e4nt\u00f6jen ja m\u00e4\u00e4r\u00e4ysten noudattamisesta hyv\u00e4ksytyn rakennusluvan mukaisesti sek\u00e4 noudattaen hyv\u00e4\u00e4 rakennustapaa. Vastaavan ty\u00f6njohtajan osaaminen ja asenne vaikuttavat merkitt\u00e4v\u00e4sti rakennusty\u00f6maan ty\u00f6turvallisuuteen.<\/p>\n<p>Me Arkitekill\u00e4 pyrimme p\u00e4ivitt\u00e4m\u00e4\u00e4n osaamistamme soveltaaksemme uusimman teknologian ja lait projekteissamme. T\u00e4ll\u00f6in taataan my\u00f6s turvallisuus ja kest\u00e4vyys projekteissa joita toteutamme.[\/vc_column_text][\/vc_column][\/vc_row][vc_row][vc_column width=&#8221;1\/3&#8243;][vc_single_image image=&#8221;156&#8243; img_size=&#8221;full&#8221; alignment=&#8221;center&#8221; style=&#8221;vc_box_border&#8221;][\/vc_column][vc_column width=&#8221;2\/3&#8243;][vc_column_text]<\/p>\n<h3>Rakentaminen<\/h3>\n<p>El\u00e4m\u00e4ss\u00e4 on erilaisia haasteita ja rakennusprojektin toteutus voi olla yksi niist\u00e4. Sen vuoksi on t\u00e4rke\u00e4\u00e4, ett\u00e4 asiakas valitsee luotettavan ja osaavan toimijan\/rakentajan.<\/p>\n<p>Kommunikaatio on usein heikoin lenkki, kun jotain menee rakennusprojektissa pieleen. Me Arkitekill\u00e4 hoidamme sek\u00e4 suunnitelua ett\u00e4 rakentamista, mik\u00e4 v\u00e4hent\u00e4\u00e4 viestinn\u00e4n ep\u00e4onnistumisen riski\u00e4.<\/p>\n<p>Kaikki rakennusprojektimme alkavat aloituspalaverilla, jossa suunnittelemme rakennusprojektin toteuksen. Teemme tarvittavat piirustukset ja huolehdimme tarvittaessa hakemukset, asiakkaan niin halutessa, mik\u00e4li niit\u00e4 tarvitaan. T\u00e4m\u00e4n j\u00e4lkeen projekti aloitetaan sopimuksen mukaan.[\/vc_column_text][\/vc_column][\/vc_row]<\/p>\n<\/div>","protected":false},"excerpt":{"rendered":"<p>[vc_row margin_bottom=&#8221;50px&#8221; css=&#8221;.vc_custom_1458845584699{margin-bottom: 0px !important;}&#8221;][vc_column width=&#8221;1\/3&#8243;][vc_single_image image=&#8221;150&#8243; img_size=&#8221;full&#8221; alignment=&#8221;center&#8221; style=&#8221;vc_box_border&#8221;][\/vc_column][vc_column width=&#8221;2\/3&#8243;][vc_column_text] Rakennussuunnittelu Avain projektin onnistumiseen on huolellinen ja tarkka suunnittelu ennen projektin aloittamista\/ projektin aloitusvaiheessa. N\u00e4in taataan projektin turvallisuus ja laatu sek\u00e4 pystyt\u00e4\u00e4n laskemaan paremmin projektin kokonaiskustannukset. Me Arkitekill\u00e4 autamme teit\u00e4 suunnittelussa ja sopivien materiaalien valinnoissa ideoinne toteuttamiseksi. Samanaikaisesti varmistamme, ett\u00e4 suunnitelmat t\u00e4ytt\u00e4v\u00e4t lakis\u00e4\u00e4teiset vaatimukset.&hellip;<\/p>\n","protected":false},"author":1,"featured_media":0,"parent":0,"menu_order":0,"comment_status":"closed","ping_status":"closed","template":"","meta":{"footnotes":""},"class_list":["post-261","page","type-page","status-publish","hentry","description-off"],"yoast_head":"<!-- This site is optimized with the Yoast SEO plugin v25.6 - https:\/\/yoast.com\/wordpress\/plugins\/seo\/ -->\n<title>Palvelut - Arkitek.fi<\/title>\n<meta name=\"robots\" content=\"index, follow, max-snippet:-1, max-image-preview:large, max-video-preview:-1\" \/>\n<link rel=\"canonical\" href=\"https:\/\/www.arkitek.fi\/vara-tjanster\/\" \/>\n<meta property=\"og:locale\" content=\"fi_FI\" \/>\n<meta property=\"og:type\" content=\"article\" \/>\n<meta property=\"og:title\" content=\"Palvelut - Arkitek.fi\" \/>\n<meta property=\"og:description\" content=\"[vc_row margin_bottom=&#8221;50px&#8221; css=&#8221;.vc_custom_1458845584699{margin-bottom: 0px !important;}&#8221;][vc_column width=&#8221;1\/3&#8243;][vc_single_image image=&#8221;150&#8243; img_size=&#8221;full&#8221; alignment=&#8221;center&#8221; style=&#8221;vc_box_border&#8221;][\/vc_column][vc_column width=&#8221;2\/3&#8243;][vc_column_text] Rakennussuunnittelu Avain projektin onnistumiseen on huolellinen ja tarkka suunnittelu ennen projektin aloittamista\/ projektin aloitusvaiheessa. N\u00e4in taataan projektin turvallisuus ja laatu sek\u00e4 pystyt\u00e4\u00e4n laskemaan paremmin projektin kokonaiskustannukset. Me Arkitekill\u00e4 autamme teit\u00e4 suunnittelussa ja sopivien materiaalien valinnoissa ideoinne toteuttamiseksi. Samanaikaisesti varmistamme, ett\u00e4 suunnitelmat t\u00e4ytt\u00e4v\u00e4t lakis\u00e4\u00e4teiset vaatimukset.&hellip;\" \/>\n<meta property=\"og:url\" content=\"https:\/\/www.arkitek.fi\/vara-tjanster\/\" \/>\n<meta property=\"og:site_name\" content=\"Arkitek.fi\" \/>\n<meta property=\"article:publisher\" content=\"https:\/\/www.facebook.com\/arkitekoy\/\" \/>\n<meta property=\"article:modified_time\" content=\"2018-01-02T14:05:31+00:00\" \/>\n<meta name=\"twitter:card\" content=\"summary_large_image\" \/>\n<meta name=\"twitter:label1\" content=\"Arvioitu lukuaika\" \/>\n\t<meta name=\"twitter:data1\" content=\"2 minuuttia\" \/>\n<script type=\"application\/ld+json\" class=\"yoast-schema-graph\">{\"@context\":\"https:\/\/schema.org\",\"@graph\":[{\"@type\":\"WebPage\",\"@id\":\"https:\/\/www.arkitek.fi\/vara-tjanster\/\",\"url\":\"https:\/\/www.arkitek.fi\/vara-tjanster\/\",\"name\":\"Palvelut - Arkitek.fi\",\"isPartOf\":{\"@id\":\"https:\/\/www.arkitek.fi\/#website\"},\"datePublished\":\"2016-04-13T11:52:14+00:00\",\"dateModified\":\"2018-01-02T14:05:31+00:00\",\"breadcrumb\":{\"@id\":\"https:\/\/www.arkitek.fi\/vara-tjanster\/#breadcrumb\"},\"inLanguage\":\"fi\",\"potentialAction\":[{\"@type\":\"ReadAction\",\"target\":[\"https:\/\/www.arkitek.fi\/vara-tjanster\/\"]}]},{\"@type\":\"BreadcrumbList\",\"@id\":\"https:\/\/www.arkitek.fi\/vara-tjanster\/#breadcrumb\",\"itemListElement\":[{\"@type\":\"ListItem\",\"position\":1,\"name\":\"Hem\",\"item\":\"https:\/\/www.arkitek.fi\/fi\/etusivu\/\"},{\"@type\":\"ListItem\",\"position\":2,\"name\":\"Palvelut\"}]},{\"@type\":\"WebSite\",\"@id\":\"https:\/\/www.arkitek.fi\/#website\",\"url\":\"https:\/\/www.arkitek.fi\/\",\"name\":\"Arkitek.fi\",\"description\":\"- Under uppbyggnad\",\"potentialAction\":[{\"@type\":\"SearchAction\",\"target\":{\"@type\":\"EntryPoint\",\"urlTemplate\":\"https:\/\/www.arkitek.fi\/?s={search_term_string}\"},\"query-input\":{\"@type\":\"PropertyValueSpecification\",\"valueRequired\":true,\"valueName\":\"search_term_string\"}}],\"inLanguage\":\"fi\"}]}<\/script>\n<!-- \/ Yoast SEO plugin. -->","yoast_head_json":{"title":"Palvelut - Arkitek.fi","robots":{"index":"index","follow":"follow","max-snippet":"max-snippet:-1","max-image-preview":"max-image-preview:large","max-video-preview":"max-video-preview:-1"},"canonical":"https:\/\/www.arkitek.fi\/vara-tjanster\/","og_locale":"fi_FI","og_type":"article","og_title":"Palvelut - Arkitek.fi","og_description":"[vc_row margin_bottom=&#8221;50px&#8221; css=&#8221;.vc_custom_1458845584699{margin-bottom: 0px !important;}&#8221;][vc_column width=&#8221;1\/3&#8243;][vc_single_image image=&#8221;150&#8243; img_size=&#8221;full&#8221; alignment=&#8221;center&#8221; style=&#8221;vc_box_border&#8221;][\/vc_column][vc_column width=&#8221;2\/3&#8243;][vc_column_text] Rakennussuunnittelu Avain projektin onnistumiseen on huolellinen ja tarkka suunnittelu ennen projektin aloittamista\/ projektin aloitusvaiheessa. N\u00e4in taataan projektin turvallisuus ja laatu sek\u00e4 pystyt\u00e4\u00e4n laskemaan paremmin projektin kokonaiskustannukset. Me Arkitekill\u00e4 autamme teit\u00e4 suunnittelussa ja sopivien materiaalien valinnoissa ideoinne toteuttamiseksi. Samanaikaisesti varmistamme, ett\u00e4 suunnitelmat t\u00e4ytt\u00e4v\u00e4t lakis\u00e4\u00e4teiset vaatimukset.&hellip;","og_url":"https:\/\/www.arkitek.fi\/vara-tjanster\/","og_site_name":"Arkitek.fi","article_publisher":"https:\/\/www.facebook.com\/arkitekoy\/","article_modified_time":"2018-01-02T14:05:31+00:00","twitter_card":"summary_large_image","twitter_misc":{"Arvioitu lukuaika":"2 minuuttia"},"schema":{"@context":"https:\/\/schema.org","@graph":[{"@type":"WebPage","@id":"https:\/\/www.arkitek.fi\/vara-tjanster\/","url":"https:\/\/www.arkitek.fi\/vara-tjanster\/","name":"Palvelut - Arkitek.fi","isPartOf":{"@id":"https:\/\/www.arkitek.fi\/#website"},"datePublished":"2016-04-13T11:52:14+00:00","dateModified":"2018-01-02T14:05:31+00:00","breadcrumb":{"@id":"https:\/\/www.arkitek.fi\/vara-tjanster\/#breadcrumb"},"inLanguage":"fi","potentialAction":[{"@type":"ReadAction","target":["https:\/\/www.arkitek.fi\/vara-tjanster\/"]}]},{"@type":"BreadcrumbList","@id":"https:\/\/www.arkitek.fi\/vara-tjanster\/#breadcrumb","itemListElement":[{"@type":"ListItem","position":1,"name":"Hem","item":"https:\/\/www.arkitek.fi\/fi\/etusivu\/"},{"@type":"ListItem","position":2,"name":"Palvelut"}]},{"@type":"WebSite","@id":"https:\/\/www.arkitek.fi\/#website","url":"https:\/\/www.arkitek.fi\/","name":"Arkitek.fi","description":"- Under uppbyggnad","potentialAction":[{"@type":"SearchAction","target":{"@type":"EntryPoint","urlTemplate":"https:\/\/www.arkitek.fi\/?s={search_term_string}"},"query-input":{"@type":"PropertyValueSpecification","valueRequired":true,"valueName":"search_term_string"}}],"inLanguage":"fi"}]}},"_links":{"self":[{"href":"https:\/\/www.arkitek.fi\/fi\/wp-json\/wp\/v2\/pages\/261"}],"collection":[{"href":"https:\/\/www.arkitek.fi\/fi\/wp-json\/wp\/v2\/pages"}],"about":[{"href":"https:\/\/www.arkitek.fi\/fi\/wp-json\/wp\/v2\/types\/page"}],"author":[{"embeddable":true,"href":"https:\/\/www.arkitek.fi\/fi\/wp-json\/wp\/v2\/users\/1"}],"replies":[{"embeddable":true,"href":"https:\/\/www.arkitek.fi\/fi\/wp-json\/wp\/v2\/comments?post=261"}],"version-history":[{"count":6,"href":"https:\/\/www.arkitek.fi\/fi\/wp-json\/wp\/v2\/pages\/261\/revisions"}],"predecessor-version":[{"id":455,"href":"https:\/\/www.arkitek.fi\/fi\/wp-json\/wp\/v2\/pages\/261\/revisions\/455"}],"wp:attachment":[{"href":"https:\/\/www.arkitek.fi\/fi\/wp-json\/wp\/v2\/media?parent=261"}],"curies":[{"name":"wp","href":"https:\/\/api.w.org\/{rel}","templated":true}]}}